{"id":63,"date":"2020-03-05T16:20:00","date_gmt":"2020-03-05T15:20:00","guid":{"rendered":"http:\/\/hochriesser-weiderind.at\/?page_id=63"},"modified":"2021-03-17T10:42:47","modified_gmt":"2021-03-17T09:42:47","slug":"vermietung","status":"publish","type":"page","link":"https:\/\/hochriesser-weiderind.at\/?page_id=63","title":{"rendered":"Vermietung"},"content":{"rendered":"\n<h2 class=\"has-text-align-left\">Vermietung von Ferkelgriller und Schlachtraum<\/h2>\n\n\n\n<h4><strong><span style=\"color:#005024\" class=\"has-inline-color\">Bei Ihrer n\u00e4chsten Garten-Party m\u00f6chten Sie mit den G\u00e4sten ein Spanferkel grillen? Kein Problem!<\/span><\/strong><\/h4>\n\n\n\n<div class=\"wp-block-media-text alignwide has-background\" style=\"background-color:#005024\"><figure class=\"wp-block-media-text__media\"><img loading=\"lazy\" width=\"475\" height=\"257\" src=\"http:\/\/hochriesser-weiderind.at\/wp-content\/uploads\/2021\/03\/Ferkelgriller.png\" alt=\"\" class=\"wp-image-325 size-full\" srcset=\"https:\/\/hochriesser-weiderind.at\/wp-content\/uploads\/2021\/03\/Ferkelgriller.png 475w, https:\/\/hochriesser-weiderind.at\/wp-content\/uploads\/2021\/03\/Ferkelgriller-300x162.png 300w\" sizes=\"(max-width: 475px) 100vw, 475px\" \/><\/figure><div class=\"wp-block-media-text__content\">\n<p class=\"has-normal-font-size\"> <span style=\"color:#fff\" class=\"has-inline-color\">Wir vermieten diesen selbst gebauten <strong>Ferkel-Griller<\/strong>. N\u00e4here Infos unter <strong>0664 82 42 334<\/strong>. Benutzung auf eigene Gefahr. <\/span><\/p>\n<\/div><\/div>\n\n\n\n<p><\/p>\n\n\n\n<h4 class=\"has-text-color\" style=\"color:#005024\"><strong>Schlachtraum mit K\u00fchlm\u00f6glichkeit<\/strong><\/h4>\n\n\n\n<div class=\"wp-block-media-text alignwide has-media-on-the-right has-background\" style=\"background-color:#005024;grid-template-columns:auto 58%\"><figure class=\"wp-block-media-text__media\"><img loading=\"lazy\" width=\"512\" height=\"610\" src=\"http:\/\/hochriesser-weiderind.at\/wp-content\/uploads\/2020\/03\/schlachtraum-k\u00fchlraum.png\" alt=\"\" class=\"wp-image-192 size-full\" srcset=\"https:\/\/hochriesser-weiderind.at\/wp-content\/uploads\/2020\/03\/schlachtraum-k\u00fchlraum.png 512w, https:\/\/hochriesser-weiderind.at\/wp-content\/uploads\/2020\/03\/schlachtraum-k\u00fchlraum-252x300.png 252w\" sizes=\"(max-width: 512px) 100vw, 512px\" \/><\/figure><div class=\"wp-block-media-text__content\">\n<p class=\"has-text-align-left has-white-color has-text-color has-background has-normal-font-size\" style=\"background-color:#005024\">An Landwirte vermieten wir unseren <strong>Schlachtraum<\/strong> mit dem angeschlossenen <strong>K\u00fchlraum<\/strong>. N\u00e4here Infos unter \u00a0       <strong>0664 82 42 334<\/strong>.<\/p>\n<\/div><\/div>\n\n\n\n<p><\/p>\n","protected":false},"excerpt":{"rendered":"<p>Vermietung von Ferkelgriller und Schlachtraum Bei Ihrer n\u00e4chsten Garten-Party m\u00f6chten Sie mit den G\u00e4sten ein Spanferkel grillen? Kein Problem! Wir vermieten diesen selbst gebauten Ferkel-Griller. N\u00e4here Infos unter 0664 82 42 334. Benutzung auf eigene Gefahr. Schlachtraum mit K\u00fchlm\u00f6glichkeit An Landwirte vermieten wir unseren Schlachtraum mit dem angeschlossenen K\u00fchlraum. N\u00e4here Infos unter \u00a0 0664 82 [&hellip;]<\/p>\n","protected":false},"author":1,"featured_media":0,"parent":0,"menu_order":5,"comment_status":"closed","ping_status":"closed","template":"page-templates\/full-width.php","meta":{"_editorskit_title_hidden":true,"_editorskit_reading_time":1},"_links":{"self":[{"href":"https:\/\/hochriesser-weiderind.at\/index.php?rest_route=\/wp\/v2\/pages\/63"}],"collection":[{"href":"https:\/\/hochriesser-weiderind.at\/index.php?rest_route=\/wp\/v2\/pages"}],"about":[{"href":"https:\/\/hochriesser-weiderind.at\/index.php?rest_route=\/wp\/v2\/types\/page"}],"author":[{"embeddable":true,"href":"https:\/\/hochriesser-weiderind.at\/index.php?rest_route=\/wp\/v2\/users\/1"}],"replies":[{"embeddable":true,"href":"https:\/\/hochriesser-weiderind.at\/index.php?rest_route=%2Fwp%2Fv2%2Fcomments&post=63"}],"version-history":[{"count":11,"href":"https:\/\/hochriesser-weiderind.at\/index.php?rest_route=\/wp\/v2\/pages\/63\/revisions"}],"predecessor-version":[{"id":327,"href":"https:\/\/hochriesser-weiderind.at\/index.php?rest_route=\/wp\/v2\/pages\/63\/revisions\/327"}],"wp:attachment":[{"href":"https:\/\/hochriesser-weiderind.at\/index.php?rest_route=%2Fwp%2Fv2%2Fmedia&parent=63"}],"curies":[{"name":"wp","href":"https:\/\/api.w.org\/{rel}","templated":true}]}}