{"id":57,"date":"2020-03-05T16:20:00","date_gmt":"2020-03-05T15:20:00","guid":{"rendered":"http:\/\/hochriesser-weiderind.at\/?page_id=57"},"modified":"2020-03-09T13:59:56","modified_gmt":"2020-03-09T12:59:56","slug":"ab-hof-verkauf","status":"publish","type":"page","link":"https:\/\/hochriesser-weiderind.at\/?page_id=57","title":{"rendered":"Ab-Hof-Verkauf"},"content":{"rendered":"<div id=\"metaslider-id-81\" style=\"width: 100%;\" class=\"ml-slider-3-20-3 metaslider metaslider-flex metaslider-81 ml-slider nav-hidden\">\n    <div id=\"metaslider_container_81\">\n        <div id=\"metaslider_81\">\n            <ul aria-live=\"polite\" class=\"slides\">\n                <li style=\"display: block; width: 100%;\" class=\"slide-83 ms-image\"><img src=\"https:\/\/hochriesser-weiderind.at\/wp-content\/uploads\/2021\/03\/image0-1-e1615215060610-700x300.jpeg\" height=\"300\" width=\"700\" alt=\"\" class=\"slider-81 slide-83\" title=\"image0\" \/><\/li>\n                <li style=\"display: none; width: 100%;\" class=\"slide-85 ms-image\"><img src=\"https:\/\/hochriesser-weiderind.at\/wp-content\/uploads\/2021\/03\/image1-700x300.jpeg\" height=\"300\" width=\"700\" alt=\"\" class=\"slider-81 slide-85\" title=\"image1\" \/><\/li>\n                <li style=\"display: none; width: 100%;\" class=\"slide-87 ms-image\"><img src=\"https:\/\/hochriesser-weiderind.at\/wp-content\/uploads\/2021\/03\/image2-e1615215470718-700x300.jpeg\" height=\"300\" width=\"700\" alt=\"\" class=\"slider-81 slide-87\" title=\"image2\" \/><\/li>\n                <li style=\"display: none; width: 100%;\" class=\"slide-89 ms-image\"><img src=\"https:\/\/hochriesser-weiderind.at\/wp-content\/uploads\/2021\/03\/image3-700x300.jpeg\" height=\"300\" width=\"700\" alt=\"\" class=\"slider-81 slide-89\" title=\"image3\" \/><\/li>\n                <li style=\"display: none; width: 100%;\" class=\"slide-235 ms-image\"><img src=\"https:\/\/hochriesser-weiderind.at\/wp-content\/uploads\/2021\/03\/image5-e1615215424614-700x300.jpeg\" height=\"300\" width=\"700\" alt=\"\" class=\"slider-81 slide-235\" title=\"image5\" \/><\/li>\n            <\/ul>\n        <\/div>\n        \n    <\/div>\n<\/div>\n\n\n<h3>Jeden 1. Samstag im Monat<\/h3>\n<p>findet von 9:00 bis 13:00 unser Ab-Hof-Verkauf statt, bei dem Sie unser frisches, vakuumiertes Rindfleisch aus Weidetierhaltung kaufen k\u00f6nnen.<\/p>\n<p>Damit wir Ihr Fleisch rechtzeitig vorbereiten k\u00f6nnen, ersuchen wir um <strong>telefonische Bestellung<\/strong> bis m\u00f6glichst am Donnerstag vor dem Verkaufstermin unter <strong>0664 8242334<\/strong>. Danke!<\/p>\n<p><span style=\"color: #005024;\">Au\u00dferhalb des Ab-Hof-Verkaufs k\u00f6nnen Sie eingefrorenes Fleisch in kleinerer Menge erwerben. So lange der Vorrat reicht.<\/span><\/p>\n<h3>Qualitativ hochwertiges Rindfleisch<\/h3>\n<p>produzieren wir dadurch, dass unsere K\u00e4lber am Hof bei ihren M\u00fcttern im Familienverband aufwachsen k\u00f6nnen und nicht &#8211; wie bei einer industriellen Intensivkuhhaltung &#8211; von ihren M\u00fcttern getrennt werden.\u00a0 Bei dieser sogenannten &#8222;Mutterkuhhaltung&#8220; bekommt das K\u00e4lbchen seine Nahrung nicht aus dem Tr\u00e4nkeautomaten, sondern kann jederzeit bei seiner Mutter trinken und mit den anderen K\u00e4lbchen spielen und auf der Wiese herumtoben. Das macht gesunde Muskeln!<\/p>\n<p>Unsere Rinder sind in der warmen Jahreszeit so oft wie m\u00f6glich auf der Weide, wo sie grasen, herumspazieren, sich ausruhen oder wild herumgaloppieren k\u00f6nnen. Dies erzielt mageres, saftiges Fleisch mit kurzen Fasern.<\/p>\n<p>Die erwachsenen Rinder werden stressfrei am eigenen Hof geschlachtet. Dies ist f\u00fcr das Tier schonender und auch im Fleisch erkennbar. Das ist uns sehr wichtig. Danach wird das Fleisch mindestens 10 Tage im eigenen K\u00fchlraum am Knochen gereift (bone-aged).<\/p>\n<p>Wir z\u00fcchten gr\u00f6\u00dftenteils das Piemonteser-Rind. Das ist eine Rasse des Hausrindes, das vor allem im Piemont (Italien) vorkommt und wegen seiner Qualit\u00e4t eine besonders gesuchte Rasse in der Fleischproduktion darstellt.<\/p>\n<h3>Bei uns bekommen Sie<\/h3>\n\n\n<figure class=\"wp-block-table alignleft is-style-stripes\"><table class=\"has-fixed-layout\"><tbody><tr><td><strong>Gemischte Rindfleischpakete mit u ohne Knochen<\/strong><\/td><td><strong>Beiried<\/strong><\/td><td><strong>T-Bone-Steak<\/strong><\/td><\/tr><tr><td><strong>Suppenknochen<\/strong><\/td><td><strong>Ochsenschlepp<\/strong><\/td><td><strong>Rump-Steak<\/strong><\/td><\/tr><tr><td><strong>Suppenfleisch<\/strong><\/td><td><strong>Wadschunken<\/strong><\/td><td><strong>Rib-Eye-Steak<\/strong><\/td><\/tr><tr><td><strong>Faschiertes<\/strong><\/td><td><strong>Tafelspitz<\/strong><\/td><td><strong>Flank-Steak<\/strong><\/td><\/tr><tr><td><strong>Schnitzel (geschnitten)<\/strong><\/td><td><strong>Wei\u00dfes Scherzel<\/strong><\/td><td><strong>Club-Steak<\/strong><\/td><\/tr><tr><td><strong>Gulaschfleisch<\/strong><\/td><td><strong>Rostbraten<\/strong><\/td><td><strong>Tomahawk-Steak<\/strong><\/td><\/tr><tr><td><strong>Lungenbraten<\/strong><\/td><td><strong>Geselchte Zunge<\/strong><\/td><td><strong>Special cuts<\/strong><\/td><\/tr><\/tbody><\/table><\/figure>\n\n\n\n<p class=\"has-large-font-size\"><\/p>\n","protected":false},"excerpt":{"rendered":"<p>Jeden 1. Samstag im Monat findet von 9:00 bis 13:00 unser Ab-Hof-Verkauf statt, bei dem Sie unser frisches, vakuumiertes Rindfleisch aus Weidetierhaltung kaufen k\u00f6nnen. Damit wir Ihr Fleisch rechtzeitig vorbereiten k\u00f6nnen, ersuchen wir um telefonische Bestellung bis m\u00f6glichst am Donnerstag vor dem Verkaufstermin unter 0664 8242334. Danke! Au\u00dferhalb des Ab-Hof-Verkaufs k\u00f6nnen Sie eingefrorenes Fleisch in [&hellip;]<\/p>\n","protected":false},"author":1,"featured_media":0,"parent":0,"menu_order":3,"comment_status":"closed","ping_status":"closed","template":"page-templates\/full-width.php","meta":{"_editorskit_title_hidden":false,"_editorskit_reading_time":1},"_links":{"self":[{"href":"https:\/\/hochriesser-weiderind.at\/index.php?rest_route=\/wp\/v2\/pages\/57"}],"collection":[{"href":"https:\/\/hochriesser-weiderind.at\/index.php?rest_route=\/wp\/v2\/pages"}],"about":[{"href":"https:\/\/hochriesser-weiderind.at\/index.php?rest_route=\/wp\/v2\/types\/page"}],"author":[{"embeddable":true,"href":"https:\/\/hochriesser-weiderind.at\/index.php?rest_route=\/wp\/v2\/users\/1"}],"replies":[{"embeddable":true,"href":"https:\/\/hochriesser-weiderind.at\/index.php?rest_route=%2Fwp%2Fv2%2Fcomments&post=57"}],"version-history":[{"count":7,"href":"https:\/\/hochriesser-weiderind.at\/index.php?rest_route=\/wp\/v2\/pages\/57\/revisions"}],"predecessor-version":[{"id":238,"href":"https:\/\/hochriesser-weiderind.at\/index.php?rest_route=\/wp\/v2\/pages\/57\/revisions\/238"}],"wp:attachment":[{"href":"https:\/\/hochriesser-weiderind.at\/index.php?rest_route=%2Fwp%2Fv2%2Fmedia&parent=57"}],"curies":[{"name":"wp","href":"https:\/\/api.w.org\/{rel}","templated":true}]}}