{"id":55,"date":"2020-03-05T16:19:00","date_gmt":"2020-03-05T15:19:00","guid":{"rendered":"http:\/\/hochriesser-weiderind.at\/?page_id=55"},"modified":"2020-03-05T16:36:14","modified_gmt":"2020-03-05T15:36:14","slug":"brueckl-hof","status":"publish","type":"page","link":"https:\/\/hochriesser-weiderind.at\/?page_id=55","title":{"rendered":"Br\u00fcckl-Hof"},"content":{"rendered":"\n<figure class=\"wp-block-image size-full is-resized\"><img loading=\"lazy\" src=\"http:\/\/hochriesser-weiderind.at\/wp-content\/uploads\/2020\/03\/Br\u00fcckl-Hof-1.png\" alt=\"\" class=\"wp-image-111\" width=\"1108\" height=\"404\" srcset=\"https:\/\/hochriesser-weiderind.at\/wp-content\/uploads\/2020\/03\/Br\u00fcckl-Hof-1-300x110.png 300w, https:\/\/hochriesser-weiderind.at\/wp-content\/uploads\/2020\/03\/Br\u00fcckl-Hof-1-768x281.png 768w, https:\/\/hochriesser-weiderind.at\/wp-content\/uploads\/2020\/03\/Br\u00fcckl-Hof-1-624x229.png 624w\" sizes=\"(max-width: 1108px) 100vw, 1108px\" \/><\/figure>\n\n\n\n<p><\/p>\n\n\n\n<p class=\"has-normal-font-size\">Unser Bauernhof mit dem Hausnamen <strong>&#8222;Br\u00fcckl-Hof&#8220;<\/strong> befindet sich im Sprengel <strong>Hochrie\u00df<\/strong>. Schon seit vielen Generationen wird er von der Familie Karl bewirtschaftet.<\/p>\n\n\n\n<p class=\"has-normal-font-size\">Aktueller Betriebsf\u00fchrer ist Thomas Karl, genannt Tom. <\/p>\n\n\n\n<p class=\"has-normal-font-size\"> &#8222;Zwei meiner Leidenschaften sind Kochen und gutes Essen. Daher produziere ich f\u00fcr meine Kunden und meine Familie gutes, mageres Rindfleisch.&#8220;<\/p>\n\n\n\n<p style=\"color:#005024\" class=\"has-text-color\"><strong>Ab-Hof-Verkauf: jeweils am 1. Samstag im Monat, von 9:00 bis 13:00<\/strong><\/p>\n\n\n\n<p> <\/p>\n","protected":false},"excerpt":{"rendered":"<p>Unser Bauernhof mit dem Hausnamen &#8222;Br\u00fcckl-Hof&#8220; befindet sich im Sprengel Hochrie\u00df. Schon seit vielen Generationen wird er von der Familie Karl bewirtschaftet. Aktueller Betriebsf\u00fchrer ist Thomas Karl, genannt Tom. &#8222;Zwei meiner Leidenschaften sind Kochen und gutes Essen. Daher produziere ich f\u00fcr meine Kunden und meine Familie gutes, mageres Rindfleisch.&#8220; Ab-Hof-Verkauf: jeweils am 1. Samstag im [&hellip;]<\/p>\n","protected":false},"author":1,"featured_media":0,"parent":0,"menu_order":2,"comment_status":"closed","ping_status":"closed","template":"page-templates\/full-width.php","meta":{"_editorskit_title_hidden":false,"_editorskit_reading_time":1},"_links":{"self":[{"href":"https:\/\/hochriesser-weiderind.at\/index.php?rest_route=\/wp\/v2\/pages\/55"}],"collection":[{"href":"https:\/\/hochriesser-weiderind.at\/index.php?rest_route=\/wp\/v2\/pages"}],"about":[{"href":"https:\/\/hochriesser-weiderind.at\/index.php?rest_route=\/wp\/v2\/types\/page"}],"author":[{"embeddable":true,"href":"https:\/\/hochriesser-weiderind.at\/index.php?rest_route=\/wp\/v2\/users\/1"}],"replies":[{"embeddable":true,"href":"https:\/\/hochriesser-weiderind.at\/index.php?rest_route=%2Fwp%2Fv2%2Fcomments&post=55"}],"version-history":[{"count":6,"href":"https:\/\/hochriesser-weiderind.at\/index.php?rest_route=\/wp\/v2\/pages\/55\/revisions"}],"predecessor-version":[{"id":113,"href":"https:\/\/hochriesser-weiderind.at\/index.php?rest_route=\/wp\/v2\/pages\/55\/revisions\/113"}],"wp:attachment":[{"href":"https:\/\/hochriesser-weiderind.at\/index.php?rest_route=%2Fwp%2Fv2%2Fmedia&parent=55"}],"curies":[{"name":"wp","href":"https:\/\/api.w.org\/{rel}","templated":true}]}}